{"id":16,"date":"2013-11-05T16:01:21","date_gmt":"2013-11-05T15:01:21","guid":{"rendered":"http:\/\/tallerestampa.com\/?page_id=16"},"modified":"2019-03-15T14:13:24","modified_gmt":"2019-03-15T13:13:24","slug":"contacte","status":"publish","type":"page","link":"https:\/\/tallerestampa.com\/es\/contacte\/","title":{"rendered":"Info <br>&#038; Contacte Tallerestampa"},"content":{"rendered":"<p style=\"font-size: 18px; font-weight: 500;\">c\/ SantaRosa, 12 local 08012 Barcelona<br \/>\n<a style=\"color: black; text-decoration: underline;\" href=\"mailto:estampa@tallerestampa.com\">estampa@tallerestampa.com<\/a><\/p>\n<p style=\"font-size: 18px; font-weight: 500;\">\u2013<\/p>\n<p style=\"font-size: 18px; font-weight: 500;\">ESTAMPA \u00e9s un <a href=\"https:\/\/tallerestampa.com\/estampa\/\">col\u00b7lectiu art\u00edstic<\/a> i un <a href=\"https:\/\/tallerestampa.com\">estudi professional<\/a>. Realitzem projectes al voltant del cinema i l&#8217;animaci\u00f3 experimental, la visualitzaci\u00f3 de dades i les tecnologies interactives. Com a estudi, ens dediquem al grafisme, la il\u00b7lustraci\u00f3, l&#8217;animaci\u00f3, la programaci\u00f3 multim\u00e8dia i tamb\u00e9 treballem en petites edicions en impressi\u00f3 tipogr\u00e0fica. Des de l&#8217;any 2006 realitzem projectes que requereixen un enfocament multidisciplinar.<\/p>\n<p style=\"font-size: 18px; font-weight: 500;\">L&#8217;estudi el formen <span style=\"text-decoration: underline;\">Roc Albalat<\/span>, grafista i realitzador (Barcelona, 1980), <span style=\"text-decoration: underline;\">Pau Artigas<\/span>, desenvolupador (Barcelona, 1978), <span style=\"text-decoration: underline;\">Marcel Pi\u00e9<\/span>, realitzador i professor universitari (Barcelona, 1980), <span style=\"text-decoration: underline;\">Marc Padr\u00f3<\/span>, desenvolupador (Barcelona, 1990) i <span style=\"text-decoration: underline;\">Daniel Pitarch<\/span>, realitzador i investigador (Barcelona, 1980).<\/p>\n","protected":false},"excerpt":{"rendered":"<p>c\/ SantaRosa, 12 local 08012 Barcelona estampa@tallerestampa.com \u2013 ESTAMPA \u00e9s un col\u00b7lectiu art\u00edstic i un estudi professional. Realitzem &#8230;<a href=\"https:\/\/tallerestampa.com\/es\/contacte\/\" class=\"read-more\">Continue Reading<\/a><\/p>\n","protected":false},"author":1,"featured_media":0,"parent":0,"menu_order":0,"comment_status":"closed","ping_status":"closed","template":"template-unique-sidebar.php","meta":{"footnotes":""},"class_list":["post-16","page","type-page","status-publish","hentry"],"_links":{"self":[{"href":"https:\/\/tallerestampa.com\/es\/wp-json\/wp\/v2\/pages\/16","targetHints":{"allow":["GET"]}}],"collection":[{"href":"https:\/\/tallerestampa.com\/es\/wp-json\/wp\/v2\/pages"}],"about":[{"href":"https:\/\/tallerestampa.com\/es\/wp-json\/wp\/v2\/types\/page"}],"author":[{"embeddable":true,"href":"https:\/\/tallerestampa.com\/es\/wp-json\/wp\/v2\/users\/1"}],"replies":[{"embeddable":true,"href":"https:\/\/tallerestampa.com\/es\/wp-json\/wp\/v2\/comments?post=16"}],"version-history":[{"count":33,"href":"https:\/\/tallerestampa.com\/es\/wp-json\/wp\/v2\/pages\/16\/revisions"}],"predecessor-version":[{"id":6726,"href":"https:\/\/tallerestampa.com\/es\/wp-json\/wp\/v2\/pages\/16\/revisions\/6726"}],"wp:attachment":[{"href":"https:\/\/tallerestampa.com\/es\/wp-json\/wp\/v2\/media?parent=16"}],"curies":[{"name":"wp","href":"https:\/\/api.w.org\/{rel}","templated":true}]}}