{"id":10708,"date":"2024-05-07T16:21:39","date_gmt":"2024-05-07T14:21:39","guid":{"rendered":"https:\/\/tallerestampa.com\/?page_id=10708"},"modified":"2024-05-07T16:22:36","modified_gmt":"2024-05-07T14:22:36","slug":"charlas","status":"publish","type":"page","link":"https:\/\/tallerestampa.com\/es\/charlas\/","title":{"rendered":"Charlas"},"content":{"rendered":"<p>\u00ab<a href=\"https:\/\/ecole-anthropocene.fr\/?ajde_events=plongee-en-zone-critique\" target=\"_blank\" rel=\"noopener\">Plong\u00e9e en zone critique. Exploration sensible de l&#8217;habitabilit\u00e9 terrienne<\/a>\u00bb<br \/>\n22\/3\/2024 | \u00c0 l&#8217;\u00e9cole de l&#8217;anthropoc\u00e8ne (Lyon)<br \/>\nMesa redonda<\/p>\n<p>&nbsp;<\/p>\n<p>\u00ab<a href=\"https:\/\/repositori.filmoteca.cat\/handle\/11091\/82117\" target=\"_blank\" rel=\"noopener\">Dies Curts: Estampa<\/a>\u00bb<br \/>\n16\/2\/2024 | Filmoteca de Catalunya (Barcelona)<br \/>\nPresentaci\u00f3n y coloquio<\/p>\n<p>&nbsp;<\/p>\n<p>\u00ab<a href=\"https:\/\/www.ub.edu\/masterprodart_ati\/sesion-con-taller-estampa\/\" target=\"_blank\" rel=\"noopener\">Medios digitales y medios impresos<\/a>\u00bb<br \/>\n14\/12\/2023 | M\u00e1ster Universitario en Producci\u00f3n e Investigaci\u00f3n Art\u00edstica | Facultat de BBAA (UB, Barcelona)<br \/>\nCharla<\/p>\n<p>&nbsp;<\/p>\n<p>\u00ab<a href=\"https:\/\/www.margenes.org\/es\/festival\/2023\/encuentros.html\" target=\"_blank\" rel=\"noopener\">M\u00e1quinas que sue\u00f1an: creaci\u00f3n art\u00edstica en la era de la imaginaci\u00f3n artificial<\/a>\u00bb<br \/>\n2\/12\/2023 | M\u00e1rgenes. Festival Internacional de Cine | La Casa Encendida (Madrid)<br \/>\nMesa redonda<\/p>\n<p>&nbsp;<\/p>\n<p>\u00ab<a href=\"https:\/\/ideasdigital.es\/ca\/apren-dels-millors\/creatividad-e-inteligencia-artificial-generativa-2\/\" target=\"_blank\" rel=\"noopener\">Creatividad e inteligencia artificial generativa<\/a>\u00bb<br \/>\n22\/11\/2023 | Idees Digitals | Tr\u00e0nsit (L&#8217;Hospitalet)<br \/>\nMesa redonda<\/p>\n<p>&nbsp;<\/p>\n<p>\u00ab<a href=\"https:\/\/cinemaorigens.com\/es\/el-cuerpo-del-cine-patologias-y-mutaciones-de-la-imagen\/\" target=\"_blank\" rel=\"noopener\">Im\u00e1genes hu\u00e9spedes. IA y cultura visual contempor\u00e1nea<\/a>\u00bb<br \/>\n17\/11\/2023 | El cuerpo del cine: patolog\u00edas y mutaciones de la imagen | Universitat de Girona<br \/>\nCharla<\/p>\n<p>&nbsp;<\/p>\n<p>\u00ab<a href=\"https:\/\/www.cccb.org\/ca\/multimedia\/videos\/taller-estampa-i-jorge-carrion\/243490\" target=\"_blank\" rel=\"noopener\">La veu ignota<\/a>\u00bb<br \/>\n27\/10\/2023 | Kosmopolis 23 | CCCB (Barcelona)<br \/>\nPresentaci\u00f3n de proyecto art\u00edstico<\/p>\n<p>&nbsp;<\/p>\n<p>\u00abIm\u00e1genes hu\u00e9spedes\u00bb<br \/>\n20\/10\/2023 | Invertebrados II. Jornadas de Pensamiento Cr\u00edtico sobre Est\u00e9tica, Cultura y Arte Contempor\u00e1neo (Logro\u00f1o)<br \/>\nCharla<\/p>\n<p>&nbsp;<\/p>\n<p>\u00ab<a href=\"https:\/\/serveis.ateneucooperatiuvalles.org\/program\/ecobooklab-2023-ecodisseny-i-ecoedicio\" target=\"_blank\" rel=\"noopener\">Ecodisseny i ecoedici\u00f3<\/a>\u00bb<br \/>\n6\/10\/2023 | Ecobooklab 2023 | Taula Ecoedici\u00f3 i Ateneu Cooperatiu Vall\u00e8s (Sant Cugat)<br \/>\nMesa redonda<\/p>\n<p>&nbsp;<\/p>\n<p>\u00ab<a href=\"https:\/\/www.screenwalks.com\/\" target=\"_blank\" rel=\"noopener\">Screen Walks with Estampa<\/a>\u00bb<br \/>\n4\/10\/2023 | The Photographer&#8217;s Gallery (London) i Fotomuseum Winterthur<br \/>\nCharla<\/p>\n<p>&nbsp;<\/p>\n<p>\u00ab<a href=\"https:\/\/www.dissenyhub.barcelona\/ca\/video\/daniel-pitarch-taller-estampa-marato-dhub-2023\" target=\"_blank\" rel=\"noopener\">Dispersar l&#8217;espectre<\/a>\u00bb<br \/>\n30\/9\/2023 | Marat\u00f3 DHub 2023 | DHub (Barcelona)<br \/>\nCharla<\/p>\n<p>&nbsp;<\/p>\n<p>\u00ab<a href=\"https:\/\/www.youtube.com\/watch?v=EDUqm4mQrAw&amp;list=PL3AbWIcj39FoaujmSDp57BtETJXcWH31R&amp;index=4\" target=\"_blank\" rel=\"noopener\">Las fisuras de la IA<\/a>\u00bb<br \/>\n21\/9\/2023 | Creatividad humana e inteligencia artificial: \u00bfSimbiosis o parasitismo? | Eina Obra (Barcelona)<br \/>\nCharla<\/p>\n<p>&nbsp;<\/p>\n<p>\u00ab<a href=\"https:\/\/conca.gencat.cat\/ca\/ambits-dactuacio\/conca_lab-\/conca_lab.-descodificant-els-drets-dels-artistes-en-lentorn-digital\/\" target=\"_blank\" rel=\"noopener\">Descodificant els drets dels artistes en l&#8217;entorn digital<\/a>\u00bb<br \/>\n18\/7\/2023 | CoNCA_Lab | Ideal (Barcelona)<br \/>\nMesa redonda<\/p>\n<p>&nbsp;<\/p>\n<p>\u00ab<a href=\"https:\/\/gizaartea.org\/conference-artistic-practices-and-thinking-around-the-technological-turn-and-artificial-intelligences\/\" target=\"_blank\" rel=\"noopener\">Pedagog\u00edas cr\u00edticas para inteligencias artificiales<\/a>\u00bb<br \/>\n12\/7\/2023 | Pr\u00e1cticas y pensamiento art\u00edsticos en torno al giro tecnol\u00f3gico y a Inteligencias Artificiales | Universidad del Pa\u00eds Vasco (Bilbao)<br \/>\nCharla<\/p>\n<p>&nbsp;<\/p>\n<p>\u00abEl futuro de la creatividad ante la irrupci\u00f3n de la IA\u00bb<br \/>\n12\/7\/2023 | Labasad talks (Barcelona)<br \/>\nMesa redonda<\/p>\n<p>&nbsp;<\/p>\n<p>\u00ab<a href=\"http:\/\/www.konvent.cat\/jornada-intel%c2%b7ligencia-artificial\/\" target=\"_blank\" rel=\"noopener\">Com ens adaptem a les noves tecnologies? Com ens relacionem amb les IA, present i futur immediat<\/a>\u00bb<br \/>\n1\/7\/2023 | Jornada Intel\u00b7lig\u00e8ncia Artificial | Konvent (Berga)<br \/>\nCharla<\/p>\n<p>&nbsp;<\/p>\n<p>\u00ab<a href=\"https:\/\/etopia.es\/evento\/ideas-digitales-aragon\/\" target=\"_blank\" rel=\"noopener\">Desencantando los mitos de las IA a partir de su apropiaci\u00f3n creativa<\/a>\u00bb<br \/>\n15\/6\/2023 | Ideas digitales | Etopia (Zaragoza)<br \/>\nCharla<\/p>\n<p>&nbsp;<\/p>\n<p>\u00ab<a href=\"https:\/\/www.dissenyhub.barcelona\/es\/actividad\/ventriloquia-con-ia-digital-impact\" target=\"_blank\" rel=\"noopener\">Ventriloquia con IA<\/a>\u00bb<br \/>\n7\/6\/2023 | Digital Impact | DHub (Barcelona)<br \/>\nCharla<\/p>\n<p>&nbsp;<\/p>\n<p>\u00ab<a href=\"https:\/\/launiversidaddesconocida.org\/16-pedagogia-critica-para-inteligencias-artificiales-2\/\" target=\"_blank\" rel=\"noopener\">Pedagogia cr\u00edtica para inteligencias artificiales. Desencantando los mitos de las IA a partir de su apropiaci\u00f3n creativa<\/a>\u00bb<br \/>\n22\/5\/2023 | La Universidad des_conocida | Planta Uno (L&#8217;Hospitalet)<br \/>\nCharla<\/p>\n<p>&nbsp;<\/p>\n<p>\u00ab<a href=\"https:\/\/festivalpanoptic.com\/activitat\/ia-intrusisme-artificial\/\" target=\"_blank\" rel=\"noopener\">IA: Intrusisme artificial?<\/a>\u00bb<br \/>\n12\/5\/2023 | Festival Pan\u00f2ptic | MAC \u2013 Matar\u00f3<br \/>\nMesa redonda<\/p>\n<p>&nbsp;<\/p>\n<p>\u00ab<a href=\"https:\/\/youtu.be\/0aKL5Pnii2o?t=1961 \/ https:\/\/congresosalcala.fgua.es\/sobrefotografia\/\" target=\"_blank\" rel=\"noopener\">Fotograf\u00eda computacional y creaci\u00f3n contempor\u00e1nea<\/a>\u00bb<br \/>\n11\/3\/2023 | I Congreso internacional: Sobre fotograf\u00eda. Conversaciones desde la creaci\u00f3n, educaci\u00f3n industrias y patrimonio | Plataforma Centro de Fotograf\u00eda e im\u00e1gen, Universidad de Alcal\u00e1<br \/>\nMesa redonda<\/p>\n<p>&nbsp;<\/p>\n<p>\u00ab<a href=\"https:\/\/www.girona.cat\/sgdap\/cat\/jornades_actes_fitxa?acta=11249&amp;pag=0&amp;ordre=titol&amp;cerca=2022&amp;descriptors=0\" target=\"_blank\" rel=\"noopener\">De fons d&#8217;arxiu a conjunt de dades. Experi\u00e8ncies creatives amb eines d&#8217;intel\u00b7lig\u00e8ncia artificial i els fons del CRDI<\/a>\u00bb<br \/>\n17\/11\/2022 | Imatge i Recerca. 17es Jornades Antoni Var\u00e9s | CRDI (Girona)<br \/>\nCharla<\/p>\n<p>&nbsp;<\/p>\n<p>\u00ab<a href=\"https:\/\/www.youtube.com\/watch?v=3MyWokfTOTk\" target=\"_blank\" rel=\"noopener\">Usos en el audiovisual de la inteligencia artificial<\/a>\u00bb<br \/>\n17\/6\/2022 | FAD Forum: Inteligencia artificial, artes y dise\u00f1o | FAD (Barcelona)<br \/>\nCharla<\/p>\n<p>&nbsp;<\/p>\n<p>\u00ab<a href=\"https:\/\/inmersionesgasteiz.com\/inmersiones-2021\/\" target=\"_blank\" rel=\"noopener\">Pedagog\u00eda cr\u00edtica para inteligencias artificiales<\/a>\u00bb<br \/>\n16\/12\/2023 | Inmersiones XIV Artes advinatorias | ZAS (Vitoria)<br \/>\nCharla<\/p>\n<p>&nbsp;<\/p>\n<p>\u00abWorks with or around Deep Learning Neural Nets (2017-2021)\u00bb<br \/>\n14\/12\/2021 | KuvA Research Days | Uniarts Helsinki<br \/>\nCharla<\/p>\n<p>&nbsp;<\/p>\n<p>\u00ab<a href=\"https:\/\/hangar.org\/ca\/news\/aegardenbcn2021\/\" target=\"_blank\" rel=\"noopener\">Di\u00e0leg amb Estampa i Alejandra L\u00f3pez Gabrielidis<\/a>\u00bb<br \/>\n9\/9\/2021 | Ars Electronica Garden | Can\u00f2drom (Barcelona)<br \/>\nMesa redonda<\/p>\n<p>&nbsp;<\/p>\n<p>\u00ab<a href=\"https:\/\/www.youtube.com\/watch?v=_ZeVG8KVYLk\" target=\"_blank\" rel=\"noopener\">Queridas m\u00e1quinas<\/a>\u00bb<br \/>\n23\/10\/2020 | ACT Programa Arte, Ciencia y Tecnolog\u00edas | UNAM (M\u00e9xico DF)<br \/>\nCharla<\/p>\n<p>&nbsp;<\/p>\n<p>&nbsp;<\/p>\n<p>&nbsp;<\/p>\n","protected":false},"excerpt":{"rendered":"<p>\u00abPlong\u00e9e en zone critique. Exploration sensible de l&#8217;habitabilit\u00e9 terrienne\u00bb 22\/3\/2024 | \u00c0 l&#8217;\u00e9cole de l&#8217;anthropoc\u00e8ne (Lyon) Mesa redonda &#8230;<a href=\"https:\/\/tallerestampa.com\/es\/charlas\/\" class=\"read-more\">Continue Reading<\/a><\/p>\n","protected":false},"author":1,"featured_media":0,"parent":0,"menu_order":0,"comment_status":"closed","ping_status":"closed","template":"template-unique-sidebar.php","meta":{"footnotes":""},"class_list":["post-10708","page","type-page","status-publish","hentry"],"_links":{"self":[{"href":"https:\/\/tallerestampa.com\/es\/wp-json\/wp\/v2\/pages\/10708","targetHints":{"allow":["GET"]}}],"collection":[{"href":"https:\/\/tallerestampa.com\/es\/wp-json\/wp\/v2\/pages"}],"about":[{"href":"https:\/\/tallerestampa.com\/es\/wp-json\/wp\/v2\/types\/page"}],"author":[{"embeddable":true,"href":"https:\/\/tallerestampa.com\/es\/wp-json\/wp\/v2\/users\/1"}],"replies":[{"embeddable":true,"href":"https:\/\/tallerestampa.com\/es\/wp-json\/wp\/v2\/comments?post=10708"}],"version-history":[{"count":1,"href":"https:\/\/tallerestampa.com\/es\/wp-json\/wp\/v2\/pages\/10708\/revisions"}],"predecessor-version":[{"id":10709,"href":"https:\/\/tallerestampa.com\/es\/wp-json\/wp\/v2\/pages\/10708\/revisions\/10709"}],"wp:attachment":[{"href":"https:\/\/tallerestampa.com\/es\/wp-json\/wp\/v2\/media?parent=10708"}],"curies":[{"name":"wp","href":"https:\/\/api.w.org\/{rel}","templated":true}]}}