{"id":10700,"date":"2024-05-07T16:16:55","date_gmt":"2024-05-07T14:16:55","guid":{"rendered":"https:\/\/tallerestampa.com\/?page_id=10700"},"modified":"2024-05-07T16:18:35","modified_gmt":"2024-05-07T14:18:35","slug":"exposiciones","status":"publish","type":"page","link":"https:\/\/tallerestampa.com\/es\/exposiciones\/","title":{"rendered":"Exposiciones"},"content":{"rendered":"<p><a href=\"https:\/\/medol.cat\/activitats\/antibiografia-collectiva-a-les-golfes-de-casa-canals\/?wcs_timestamp=1713639600\" target=\"_blank\" rel=\"noopener\"><em>Antibiografia<\/em><\/a> | 2024 | M\u00e8dol (Tarragona)<br \/>\n<em>Omplir segons contingut<\/em> (2023-24)<br \/>\nCurador\u00eda: Alexandra Laudo<\/p>\n<p>&nbsp;<\/p>\n<p><a href=\"https:\/\/www.cccb.org\/es\/actividades\/ficha\/turno-de-preguntas\/244099\" target=\"_blank\" rel=\"noopener\"><em>Experimentos con el archivo del CCCB<\/em><\/a> | 2024 | CCCB (Barcelona)<em><br \/>\nTurno de preguntas<br \/>\n<\/em><\/p>\n<p>&nbsp;<\/p>\n<p><a href=\"https:\/\/www.cccb.org\/es\/actividades\/ficha\/la-conferencia-infinita\/244087\" target=\"_blank\" rel=\"noopener\"><em>Experimentos con el archivo del CCCB<\/em><\/a> | 2024 | CCCB (Barcelona)<br \/>\n<em>La conferencia infinita<\/em><\/p>\n<p>&nbsp;<\/p>\n<p><a href=\"https:\/\/www.mataroartcontemporani.cat\/posts_exposicions\/antibiografia\/\"><em>Antibiografia<\/em><\/a> | 2024 | MAC \u2013 Matar\u00f3<br \/>\n<em>Omplir segons contingut<\/em> (2023-24)<br \/>\nCurador\u00eda: Alexandra Laudo<\/p>\n<p>&nbsp;<\/p>\n<p><a href=\"https:\/\/www.filmoteca.cat\/web\/ca\/film\/taller-estampa\" target=\"_blank\" rel=\"noopener\"><em>Dies Curts: Estampa<\/em><\/a> | 2024 | Filmoteca de Catalunya (Barcelona)<br \/>\nSesi\u00f3n retrospectiva de piezas audiovisuales<\/p>\n<p>&nbsp;<\/p>\n<p><a href=\"https:\/\/www.comunidad.madrid\/actividades\/2024\/exposicion-cambio-paradigma\" target=\"_blank\" rel=\"noopener\"><em>Un cambio de paradigma <\/em><\/a>| 2024 | Sala de Arte Joven (Madrid)<br \/>\n<em>Omplir segons contingut <\/em>(2020)<\/p>\n<p>&nbsp;<\/p>\n<p><a href=\"https:\/\/www.marinabaysands.com\/museum\/exhibitions\/mars.html\" target=\"_blank\" rel=\"noopener\"><em>Mars: The Red Mirror<\/em><\/a>\u00a0| 2023 | ArtScience Museum (Singapore)<br \/>\n<em>Esp\u00e8cies marcianes<br \/>\n<\/em>Curador\u00eda: Juan Ins\u00faa<\/p>\n<p>&nbsp;<\/p>\n<p><a href=\"https:\/\/www.filmoteca.cat\/web\/ca\/exposicio\/el-somni-de-la-llebre\" target=\"_blank\" rel=\"noopener\"><em>El somni de la llebre. El cinema de Lu\u00eds Bu\u00f1uel i Gabriel Figueroa<\/em><\/a>\u00a0| 2024 | Filmoteca de Catalunya (Barcelona)<br \/>\n<em>El somni de la llebre<\/em><br \/>\nCurador\u00eda: H\u00e9rcor Orozco y Javier Espada<\/p>\n<p>&nbsp;<\/p>\n<p><a href=\"https:\/\/www.cccb.org\/es\/exposiciones\/ficha\/ia-inteligencia-artificial\/240941\" target=\"_blank\" rel=\"noopener\"><em>IA. Inteligencia artificial<\/em><\/a> | 2024 | CCCB (Barcelona)<br \/>\n<em>La veu ignota <\/em><br \/>\nCurador\u00eda: Llu\u00eds Nacenta<\/p>\n<p>&nbsp;<\/p>\n<p><a href=\"https:\/\/museus.martorell.cat\/portfolio\/antibiografia\/#1589717570305-1847d904-69a9ea8e-5d44\" target=\"_blank\" rel=\"noopener\"><em>Antibiografia<\/em><\/a> | 2024 | Muxart (Martorell)<br \/>\n<em>Omplir segons contingut<\/em> (2023-24)<br \/>\nCurador\u00eda: Alexandra Laudo<\/p>\n<p>&nbsp;<\/p>\n<p><a href=\"https:\/\/festivalpanoptic.com\/activitat\/al-pati-del-darrere\/\" target=\"_blank\" rel=\"noopener\"><em>Al pati del darrere<\/em><\/a> | 2023 | MAC \u2013 Matar\u00f3<br \/>\n<em>Diari de consum<\/em><br \/>\nCurador\u00eda: Azahara Cerezo<\/p>\n<p>&nbsp;<\/p>\n<p><a href=\"https:\/\/www.luminicfestival.com\/exposicions\" target=\"_blank\" rel=\"noopener\"><em>Realitats sint\u00e8tiques: una exploraci\u00f3 fotogr\u00e0fica de la intel\u00b7lig\u00e8ncia artificial i la manipulaci\u00f3 digital<\/em><\/a> | 2023 | Lum\u00ednic y Centre d&#8217;Art Maristany (Sant Cugat del Vall\u00e8s)<br \/>\n<em>The Process of Seeing<\/em><\/p>\n<p>&nbsp;<\/p>\n<p><em><a href=\"https:\/\/www.consorcimuseus.gva.es\/centro-del-carmen\/exposicion\/biennal-2064\/?lang=es\" target=\"_blank\" rel=\"noopener\">Biennal 2064<\/a>\u00a0<\/em>| 2023 | Centre del Carme Cultura Contempor\u00e0nia (Val\u00e8ncia)<br \/>\n<em>NSFW + Golden Record<\/em><br \/>\nCurador\u00eda: Jorge Luis Marzo, Arturo Fito Rodr\u00edguez y Roc Albalat<\/p>\n<p>&nbsp;<\/p>\n<p><em><a href=\"https:\/\/ajuntament.barcelona.cat\/lavirreina\/es\/exposiciones\/bienal-2064\/618\" target=\"_blank\" rel=\"noopener\">Biennal 2064<\/a><\/em> | 2022 | La Virreina Centre de la Imatge (Barcelona)<br \/>\n<em>NSFW + Golden Record<\/em><br \/>\nCurador\u00eda: Jorge Luis Marzo, Arturo Fito Rodr\u00edguez y Roc Albalat<\/p>\n<p>&nbsp;<\/p>\n<p><em><a href=\"https:\/\/web.girona.cat\/bolit\/exposicions\/2022\/biennal2064\" target=\"_blank\" rel=\"noopener\">Biennal 2064<\/a><\/em> | 2022 | B\u00f2lit Centre d&#8217;Art Contemporani (Girona)<br \/>\n<em>NSFW + Golden Record<\/em><br \/>\nCurador\u00eda: Jorge Luis Marzo, Arturo Fito Rodr\u00edguez y Roc Albalat<\/p>\n<p>&nbsp;<\/p>\n<p><a href=\"https:\/\/www.lacapella.barcelona\/es\/lo-que-es-posible-y-lo-que-no-isea2022-barcelona-en-la-capella\" target=\"_blank\" rel=\"noopener\"><em>Lo que es posible y lo que no<\/em><\/a> | 2022 | ISEA y La Capella (Barcelona)<br \/>\n<em>Im\u00e1genes hu\u00e9spedes<br \/>\n<\/em>Curador\u00eda: David Armengol<em><br \/>\n<\/em><\/p>\n<p>&nbsp;<\/p>\n<p><em><a href=\"https:\/\/www.lacapella.barcelona\/es\/lo-que-es-posible-y-lo-que-no-isea2022-barcelona-en-la-capella\" target=\"_blank\" rel=\"noopener\">Lo que es posible y lo que no<\/a><\/em> | 2022 | ISEA y La Capella (Barcelona)<br \/>\n<em>Auspicis<br \/>\n<\/em>Curador\u00eda: David Armengol<\/p>\n<p>&nbsp;<\/p>\n<p><em>Antibiografia<\/em> | 2022 | MAC \u2013 Matar\u00f3<br \/>\n<em>Omplir segons contingut<\/em> (2022)<br \/>\nCurador\u00eda: Alexandra Laudo<\/p>\n<p>&nbsp;<\/p>\n<p><em><a href=\"https:\/\/web.girona.cat\/bolit\/exposicions\/2021\/entredaltres\" target=\"_blank\" rel=\"noopener\">Entre d&#8217;altres<\/a> | <\/em>2021 | B\u00f2lit Centre d&#8217;Art Contemporani (Girona)<br \/>\n<em>El n\u00favol no \u00e9s blanc, sin\u00f3 que t\u00e9 color de pluja<\/em><br \/>\nCurador\u00eda: Azahara Cerezo y Rita Andreu<\/p>\n<p>&nbsp;<\/p>\n<p><a href=\"https:\/\/www.tabakalera.eus\/es\/imagenes-huespedes\" target=\"_blank\" rel=\"noopener\"><em>Immaterial<\/em><\/a> | 2021 | Tabakalera (Donostia)<br \/>\n<em>Im\u00e1genes hu\u00e9spedes<\/em><\/p>\n<p>&nbsp;<\/p>\n<p><a href=\"https:\/\/artssantamonica.gencat.cat\/ca\/detall\/Exposar-No-exposar-se-Exposar-se-No-exposar\" target=\"_blank\" rel=\"noopener\"><em>Exposar. No exposar-se. Exposar-se. No exposar<\/em><\/a>\u00a0| 2021 | Centre d&#8217;Art Santa M\u00f2nica (Barcelona)<br \/>\n<em>Janus<\/em><br \/>\nCurador\u00eda: Enric Puig Punyet<\/p>\n<p>&nbsp;<\/p>\n<p><a href=\"https:\/\/ajuntament.barcelona.cat\/castelldemontjuic\/ca\/activitats\/exposicions\/bcn-1965-1975-una-mirada-des-de-la-intelligencia-artificial\" target=\"_blank\" rel=\"noopener\"><em>Barcelona 1965-1975. Una mirada des de la intel\u00b7lig\u00e8ncia artificial<\/em><\/a>\u00a0| 2021 | Castell de Montju\u00efc (Barcelona)<\/p>\n<p>&nbsp;<\/p>\n<p><a href=\"https:\/\/www.cccb.org\/es\/exposiciones\/ficha\/marte\/232742\" target=\"_blank\" rel=\"noopener\"><em>Marte. El espejo rojo<\/em><\/a> | 2021 | CCCB (Barcelona)<br \/>\n<em>Esp\u00e8cies marcianes<\/em><br \/>\nCurador\u00eda: Juan Ins\u00faa<\/p>\n<p>&nbsp;<\/p>\n<p><a href=\"https:\/\/arselectronicagardenbarcelona.org\/es\/exposicioncanodrom\/\" target=\"_blank\" rel=\"noopener\"><em>Ars Electronica Barcelona Garden<\/em><\/a> | 2021 | Hangar, New Art Foundation i Can\u00f2drom (Barcelona)<br \/>\n<em>Person \u2013 Cambres fosques de la ideologia<\/em><\/p>\n<p>&nbsp;<\/p>\n<p><a href=\"https:\/\/archivo.getxophoto.com\/archivo\/2020-a-la-calle\/\" target=\"_blank\" rel=\"noopener\"><em>Getxophoto. Festival Internacional de Imagen<\/em><\/a> | 2020 | Getxo<br \/>\n<em>3049 Worker<br \/>\n<\/em>Curador\u00eda: Jon Uriarte<em><br \/>\n<\/em><\/p>\n<p>&nbsp;<\/p>\n<p><a href=\"https:\/\/archivo.getxophoto.com\/archivo\/2020-a-la-calle\/\" target=\"_blank\" rel=\"noopener\"><em>Getxophoto. Festival Internacional de Imagen<\/em><\/a> | 2020 | Getxo<br \/>\n<em>Smile! You are out of camera<br \/>\n<\/em>Curador\u00eda: Jon Uriarte<\/p>\n<p>&nbsp;<\/p>\n<p><a href=\"https:\/\/done.fotocolectania.org\/edicion4\/creacion\/\" target=\"_blank\" rel=\"noopener\"><em>DONE 4<\/em><\/a> | 2020 | Foto Colect\u00e0nia (Barcelona)<br \/>\n<em>Omplir segons contingut <\/em>(2020)<br \/>\nCurador\u00eda: Jara Rocha, Roc Herms y Mart\u00ed S\u00e1nchez-Fibla<\/p>\n<p>&nbsp;<\/p>\n<p><em>Sonar+D <\/em>| 2019 | Sonar+D i ICUB (Barcelona)<br \/>\n<em>El mal alumne. Pedagogia cr\u00edtica per a intel\u00b7lig\u00e8ncies artificials<\/em><\/p>\n<p>&nbsp;<\/p>\n<p><a href=\"https:\/\/swab.es\/es\/swab-performance-2019\/\" target=\"_blank\" rel=\"noopener\"><em>SWAB Performance <\/em><\/a>| 2019 | SWAB (Barcelona)<br \/>\n<em>M&#8217;has parlat i t&#8217;he dit que et vaig dir que no et digui<\/em><br \/>\nCurador\u00eda: Alexandra Laudo<\/p>\n<p>&nbsp;<\/p>\n<p><a href=\"https:\/\/www.lacapella.barcelona\/es\/el-mal-alumne-instalacion-experimento-en-directo-presentacion\" target=\"_blank\" rel=\"noopener\"><em>El mal alumne. Pedagogia cr\u00edtica per a intel\u00b7lig\u00e8ncies artificials<\/em><\/a>\u00a0| 2018 | La Capella (Barcelona)<\/p>\n<p>&nbsp;<\/p>\n<p><a href=\"https:\/\/eufonic.net\/marcel-pie-estampa-rotondes-panorames-fases-espectador-moviment\/\" target=\"_blank\" rel=\"noopener\"><em>Euf\u00f2nic<\/em><\/a> | 2017 | Lo Pati (Amposta)<br \/>\n<em>Rotondes. Panorames i fases per a un espectador en moviment<\/em><br \/>\nCurador\u00eda: Vicent Fibla<\/p>\n<p>&nbsp;<\/p>\n<p><a href=\"https:\/\/festivalpanoramic.cat\/wp-content\/uploads\/2023\/08\/2017_panoramic_programaweb.pdf\" target=\"_blank\" rel=\"noopener\"><em>La T\u00e8rmica LAB <\/em><\/a>| 2017 | Festival Panor\u00e0mic \u2013 Roca Umbert (Granollers)<br \/>\n<em>I Had Been Sedulous to Take Note of Shadows <\/em><\/p>\n<p>&nbsp;<\/p>\n<p>&nbsp;<\/p>\n","protected":false},"excerpt":{"rendered":"<p>Antibiografia | 2024 | M\u00e8dol (Tarragona) Omplir segons contingut (2023-24) Curador\u00eda: Alexandra Laudo &nbsp; Experimentos con el archivo &#8230;<a href=\"https:\/\/tallerestampa.com\/es\/exposiciones\/\" class=\"read-more\">Continue Reading<\/a><\/p>\n","protected":false},"author":1,"featured_media":0,"parent":0,"menu_order":0,"comment_status":"closed","ping_status":"closed","template":"template-unique-sidebar.php","meta":{"footnotes":""},"class_list":["post-10700","page","type-page","status-publish","hentry"],"_links":{"self":[{"href":"https:\/\/tallerestampa.com\/es\/wp-json\/wp\/v2\/pages\/10700","targetHints":{"allow":["GET"]}}],"collection":[{"href":"https:\/\/tallerestampa.com\/es\/wp-json\/wp\/v2\/pages"}],"about":[{"href":"https:\/\/tallerestampa.com\/es\/wp-json\/wp\/v2\/types\/page"}],"author":[{"embeddable":true,"href":"https:\/\/tallerestampa.com\/es\/wp-json\/wp\/v2\/users\/1"}],"replies":[{"embeddable":true,"href":"https:\/\/tallerestampa.com\/es\/wp-json\/wp\/v2\/comments?post=10700"}],"version-history":[{"count":1,"href":"https:\/\/tallerestampa.com\/es\/wp-json\/wp\/v2\/pages\/10700\/revisions"}],"predecessor-version":[{"id":10701,"href":"https:\/\/tallerestampa.com\/es\/wp-json\/wp\/v2\/pages\/10700\/revisions\/10701"}],"wp:attachment":[{"href":"https:\/\/tallerestampa.com\/es\/wp-json\/wp\/v2\/media?parent=10700"}],"curies":[{"name":"wp","href":"https:\/\/api.w.org\/{rel}","templated":true}]}}